{"id":34,"date":"2025-09-10T10:13:55","date_gmt":"2025-09-10T08:13:55","guid":{"rendered":"https:\/\/magdalenagrencreates.com\/?page_id=34"},"modified":"2025-09-10T13:36:51","modified_gmt":"2025-09-10T11:36:51","slug":"strona-glowna","status":"publish","type":"page","link":"https:\/\/magdalenagrencreates.com\/","title":{"rendered":"Strona G\u0142\u00f3wna"},"content":{"rendered":"\t\t<div data-elementor-type=\"wp-page\" data-elementor-id=\"34\" class=\"elementor elementor-34\" data-elementor-post-type=\"page\">\n\t\t\t\t<div class=\"elementor-element elementor-element-5ce97ad7 e-flex e-con-boxed e-con e-parent\" data-id=\"5ce97ad7\" data-element_type=\"container\" data-settings=\"{&quot;background_background&quot;:&quot;classic&quot;}\">\n\t\t\t\t\t<div class=\"e-con-inner\">\n\t\t<div class=\"elementor-element elementor-element-3afefabd e-con-full e-flex e-con e-child\" data-id=\"3afefabd\" data-element_type=\"container\">\n\t\t\t\t<div class=\"elementor-element elementor-element-5e21e94d elementor-headline--style-rotate elementor-widget elementor-widget-animated-headline\" data-id=\"5e21e94d\" data-element_type=\"widget\" data-settings=\"{&quot;rotating_text&quot;:&quot;kt\\u00f3re dzia\\u0142aj\\u0105&quot;,&quot;animation_type&quot;:&quot;clip&quot;,&quot;headline_style&quot;:&quot;rotate&quot;,&quot;loop&quot;:&quot;yes&quot;,&quot;rotate_iteration_delay&quot;:2500}\" data-widget_type=\"animated-headline.default\">\n\t\t\t\t\t\t\t<h1 class=\"elementor-headline elementor-headline-animation-type-clip\">\n\t\t\t\t\t<span class=\"elementor-headline-plain-text elementor-headline-text-wrapper\">Tworz\u0119 nowoczesne strony internetowe,<\/span>\n\t\t\t\t<span class=\"elementor-headline-dynamic-wrapper elementor-headline-text-wrapper\">\n\t\t\t\t\t<span class=\"elementor-headline-dynamic-text elementor-headline-text-active\">\n\t\t\t\tkt\u00f3re&nbsp;dzia\u0142aj\u0105\t\t\t<\/span>\n\t\t\t\t\t\t<\/span>\n\t\t\t\t\t<span class=\"elementor-headline-plain-text elementor-headline-text-wrapper\">i przyci\u0105gaj\u0105 uwag\u0119<\/span>\n\t\t\t\t\t<\/h1>\n\t\t\t\t\t\t<\/div>\n\t\t<div class=\"elementor-element elementor-element-32b1773e e-flex e-con-boxed e-con e-child\" data-id=\"32b1773e\" data-element_type=\"container\">\n\t\t\t\t\t<div class=\"e-con-inner\">\n\t\t\t\t<div class=\"elementor-element elementor-element-4abfa7a5 elementor-widget__width-auto elementor-align-right elementor-widget elementor-widget-button\" data-id=\"4abfa7a5\" data-element_type=\"widget\" data-widget_type=\"button.default\">\n\t\t\t\t\t\t\t\t\t\t<a class=\"elementor-button elementor-button-link elementor-size-sm elementor-animation-grow\" href=\"\">\n\t\t\t\t\t\t<span class=\"elementor-button-content-wrapper\">\n\t\t\t\t\t\t\t\t\t<span class=\"elementor-button-text\">Dowiedz si\u0119 wi\u0119cej<\/span>\n\t\t\t\t\t<\/span>\n\t\t\t\t\t<\/a>\n\t\t\t\t\t\t\t\t<\/div>\n\t\t\t\t<div class=\"elementor-element elementor-element-1b8d55cf elementor-widget__width-auto elementor-align-right elementor-widget elementor-widget-button\" data-id=\"1b8d55cf\" data-element_type=\"widget\" data-widget_type=\"button.default\">\n\t\t\t\t\t\t\t\t\t\t<a class=\"elementor-button elementor-button-link elementor-size-sm elementor-animation-grow\" href=\"https:\/\/magdalenagrencreates.com\/?page_id=27\">\n\t\t\t\t\t\t<span class=\"elementor-button-content-wrapper\">\n\t\t\t\t\t\t\t\t\t<span class=\"elementor-button-text\">Skontaktuj si\u0119 z nami<\/span>\n\t\t\t\t\t<\/span>\n\t\t\t\t\t<\/a>\n\t\t\t\t\t\t\t\t<\/div>\n\t\t\t\t\t<\/div>\n\t\t\t\t<\/div>\n\t\t\t\t<\/div>\n\t\t\t\t\t<\/div>\n\t\t\t\t<\/div>\n\t\t<div class=\"elementor-element elementor-element-undefined-5aad252 e-flex e-con-boxed e-con e-parent\" data-id=\"undefined-5aad252\" data-element_type=\"container\" data-settings=\"{&quot;background_background&quot;:&quot;gradient&quot;}\">\n\t\t\t\t\t<div class=\"e-con-inner\">\n\t\t\t\t<div class=\"elementor-element elementor-element-undefined-3439245 elementor-widget elementor-widget-heading\" data-id=\"undefined-3439245\" data-element_type=\"widget\" data-widget_type=\"heading.default\">\n\t\t\t\t\t<h5 class=\"elementor-heading-title elementor-size-default\">MOJA MISJA<\/h5>\t\t\t\t<\/div>\n\t\t\t\t<div class=\"elementor-element elementor-element-undefined-296555d elementor-widget elementor-widget-heading\" data-id=\"undefined-296555d\" data-element_type=\"widget\" data-widget_type=\"heading.default\">\n\t\t\t\t\t<h5 class=\"elementor-heading-title elementor-size-default\">Moim celem jest tworzenie stron internetowych, kt\u00f3re nie tylko dobrze wygl\u0105daj\u0105, ale przede wszystkim dzia\u0142aj\u0105 i spe\u0142niaj\u0105 realne potrzeby. Chc\u0119, aby ka\u017cda strona, kt\u00f3r\u0105 projektuj\u0119, by\u0142a intuicyjna, estetyczna i wspiera\u0142a rozw\u00f3j os\u00f3b oraz marek, kt\u00f3re za ni\u0105 stoj\u0105.\n\nWierz\u0119, \u017ce dobra strona WWW to co\u015b wi\u0119cej ni\u017c wizyt\u00f3wka \u2013 to narz\u0119dzie, kt\u00f3re buduje wiarygodno\u015b\u0107, przyci\u0105ga uwag\u0119 i pomaga osi\u0105ga\u0107 cele. Moja misja to \u0142\u0105czenie technologii z kreatywno\u015bci\u0105, aby w internecie tworzy\u0107 przestrzenie z charakterem i dusz\u0105.<\/h5>\t\t\t\t<\/div>\n\t\t\t\t\t<\/div>\n\t\t\t\t<\/div>\n\t\t<div class=\"elementor-element elementor-element-790078fb e-flex e-con-boxed e-con e-parent\" data-id=\"790078fb\" data-element_type=\"container\" data-settings=\"{&quot;background_background&quot;:&quot;classic&quot;}\">\n\t\t\t\t\t<div class=\"e-con-inner\">\n\t\t<div class=\"elementor-element elementor-element-57f06dff e-con-full e-flex e-con e-child\" data-id=\"57f06dff\" data-element_type=\"container\">\n\t\t\t\t<div class=\"elementor-element elementor-element-71ca9685 elementor-widget elementor-widget-heading\" data-id=\"71ca9685\" data-element_type=\"widget\" data-widget_type=\"heading.default\">\n\t\t\t\t\t<h2 class=\"elementor-heading-title elementor-size-default\">Opinie klient\u00f3w<\/h2>\t\t\t\t<\/div>\n\t\t\t\t<div class=\"elementor-element elementor-element-39211963 elementor-widget elementor-widget-heading\" data-id=\"39211963\" data-element_type=\"widget\" data-widget_type=\"heading.default\">\n\t\t\t\t\t<h3 class=\"elementor-heading-title elementor-size-default\">Nasi klienci ceni\u0105 nasz\u0105 wsp\u00f3\u0142prac\u0119 \u2013 oto, co m\u00f3wi\u0105!<\/h3>\t\t\t\t<\/div>\n\t\t\t\t<\/div>\n\t\t\t\t<div class=\"elementor-element elementor-element-735f0f07 elementor-testimonial--layout-image_above elementor-testimonial--skin-default elementor-arrows-yes elementor-pagination-type-bullets elementor-widget elementor-widget-testimonial-carousel\" data-id=\"735f0f07\" data-element_type=\"widget\" data-settings=\"{&quot;space_between&quot;:{&quot;unit&quot;:&quot;px&quot;,&quot;size&quot;:&quot;&quot;,&quot;sizes&quot;:[]},&quot;slides_per_view&quot;:&quot;2&quot;,&quot;slides_per_view_tablet&quot;:&quot;2&quot;,&quot;show_arrows&quot;:&quot;yes&quot;,&quot;pagination&quot;:&quot;bullets&quot;,&quot;speed&quot;:500,&quot;autoplay&quot;:&quot;yes&quot;,&quot;autoplay_speed&quot;:5000,&quot;loop&quot;:&quot;yes&quot;,&quot;pause_on_hover&quot;:&quot;yes&quot;,&quot;pause_on_interaction&quot;:&quot;yes&quot;,&quot;space_between_tablet&quot;:{&quot;unit&quot;:&quot;px&quot;,&quot;size&quot;:10,&quot;sizes&quot;:[]},&quot;space_between_mobile&quot;:{&quot;unit&quot;:&quot;px&quot;,&quot;size&quot;:10,&quot;sizes&quot;:[]}}\" data-widget_type=\"testimonial-carousel.default\">\n\t\t\t\t\t\t\t\t\t\t<div class=\"elementor-main-swiper swiper\" role=\"region\" aria-roledescription=\"carousel\" aria-label=\"Slides\">\n\t\t\t\t<div class=\"swiper-wrapper\">\n\t\t\t\t\t\t\t\t\t\t\t<div class=\"swiper-slide\" role=\"group\" aria-roledescription=\"slide\">\n\t\t\t\t\t\t\t\t\t<div class=\"elementor-testimonial\">\n\t\t\t\t\t\t\t<div class=\"elementor-testimonial__content\">\n\t\t\t\t\t<div class=\"elementor-testimonial__text\">\n\t\t\t\t\t\t\"Wsp\u00f3\u0142praca z t\u0105 firm\u0105 to czysta przyjemno\u015b\u0107. Ich profesjonalizm i kreatywno\u015b\u0107 przewy\u017csza\u0142y nasze oczekiwania!\"\t\t\t\t\t<\/div>\n\t\t\t\t\t<cite class=\"elementor-testimonial__cite\"><span class=\"elementor-testimonial__name\">Gre\u0144 Seweryn<\/span><span class=\"elementor-testimonial__title\">domy-gren<\/span><\/cite>\t\t\t\t<\/div>\n\t\t\t\t\t\t<div class=\"elementor-testimonial__footer\">\n\t\t\t\t\t\t\t\t\t\t\t<\/div>\n\t\t<\/div>\n\t\t\t\t\t\t\t\t<\/div>\n\t\t\t\t\t\t\t\t\t\t\t<div class=\"swiper-slide\" role=\"group\" aria-roledescription=\"slide\">\n\t\t\t\t\t\t\t\t\t<div class=\"elementor-testimonial\">\n\t\t\t\t\t\t\t<div class=\"elementor-testimonial__content\">\n\t\t\t\t\t<div class=\"elementor-testimonial__text\">\n\t\t\t\t\t\t\"Jestem zachwycona efektem ko\u0144cowym! Pani Magda doskonale zrozumia\u0142a moj\u0105 wizj\u0119 i przenios\u0142a do sieci\"\t\t\t\t\t<\/div>\n\t\t\t\t\t<cite class=\"elementor-testimonial__cite\"><span class=\"elementor-testimonial__name\">Anna Janik<\/span><span class=\"elementor-testimonial__title\">bloombeautybar<\/span><\/cite>\t\t\t\t<\/div>\n\t\t\t\t\t\t<div class=\"elementor-testimonial__footer\">\n\t\t\t\t\t\t\t\t\t\t\t<\/div>\n\t\t<\/div>\n\t\t\t\t\t\t\t\t<\/div>\n\t\t\t\t\t\t\t\t\t<\/div>\n\t\t\t\t\t\t\t\t\t\t\t\t\t\t\t<div class=\"elementor-swiper-button elementor-swiper-button-prev\" role=\"button\" tabindex=\"0\" aria-label=\"Previous\">\n\t\t\t\t\t\t\t<svg aria-hidden=\"true\" class=\"e-font-icon-svg e-eicon-chevron-left\" viewBox=\"0 0 1000 1000\" xmlns=\"http:\/\/www.w3.org\/2000\/svg\"><path d=\"M646 125C629 125 613 133 604 142L308 442C296 454 292 471 292 487 292 504 296 521 308 533L604 854C617 867 629 875 646 875 663 875 679 871 692 858 704 846 713 829 713 812 713 796 708 779 692 767L438 487 692 225C700 217 708 204 708 187 708 171 704 154 692 142 675 129 663 125 646 125Z\"><\/path><\/svg>\t\t\t\t\t\t<\/div>\n\t\t\t\t\t\t<div class=\"elementor-swiper-button elementor-swiper-button-next\" role=\"button\" tabindex=\"0\" aria-label=\"Next\">\n\t\t\t\t\t\t\t<svg aria-hidden=\"true\" class=\"e-font-icon-svg e-eicon-chevron-right\" viewBox=\"0 0 1000 1000\" xmlns=\"http:\/\/www.w3.org\/2000\/svg\"><path d=\"M696 533C708 521 713 504 713 487 713 471 708 454 696 446L400 146C388 133 375 125 354 125 338 125 325 129 313 142 300 154 292 171 292 187 292 204 296 221 308 233L563 492 304 771C292 783 288 800 288 817 288 833 296 850 308 863 321 871 338 875 354 875 371 875 388 867 400 854L696 533Z\"><\/path><\/svg>\t\t\t\t\t\t<\/div>\n\t\t\t\t\t\t\t\t\t\t\t\t\t\t\t\t<div class=\"swiper-pagination\"><\/div>\n\t\t\t\t\t\t\t\t\t\t\t\t<\/div>\n\t\t\t\t\t\t\t\t<\/div>\n\t\t\t\t\t<\/div>\n\t\t\t\t<\/div>\n\t\t<div class=\"elementor-element elementor-element-1adc1176 e-con-full e-flex e-con e-parent\" data-id=\"1adc1176\" data-element_type=\"container\">\n\t\t<div class=\"elementor-element elementor-element-762da3a e-con-full e-flex e-con e-child\" data-id=\"762da3a\" data-element_type=\"container\" data-settings=\"{&quot;background_background&quot;:&quot;classic&quot;}\">\n\t\t\t\t<div class=\"elementor-element elementor-element-49f6dfc8 elementor-widget elementor-widget-heading\" data-id=\"49f6dfc8\" data-element_type=\"widget\" data-widget_type=\"heading.default\">\n\t\t\t\t\t<h2 class=\"elementor-heading-title elementor-size-default\">Skontaktuj si\u0119 ze mn\u0105 ju\u017c dzi\u015b!<\/h2>\t\t\t\t<\/div>\n\t\t\t\t<div class=\"elementor-element elementor-element-76ea7e59 elementor-widget__width-auto elementor-widget elementor-widget-button\" data-id=\"76ea7e59\" data-element_type=\"widget\" data-widget_type=\"button.default\">\n\t\t\t\t\t\t\t\t\t\t<a class=\"elementor-button elementor-button-link elementor-size-sm elementor-animation-grow\" href=\"https:\/\/magdalenagrencreates.com\/?page_id=27\">\n\t\t\t\t\t\t<span class=\"elementor-button-content-wrapper\">\n\t\t\t\t\t\t\t\t\t<span class=\"elementor-button-text\">Napisz do mnie<\/span>\n\t\t\t\t\t<\/span>\n\t\t\t\t\t<\/a>\n\t\t\t\t\t\t\t\t<\/div>\n\t\t\t\t<\/div>\n\t\t\t\t<\/div>\n\t\t\t\t<\/div>\n\t\t","protected":false},"excerpt":{"rendered":"<p>Tworz\u0119 nowoczesne strony internetowe, kt\u00f3re&nbsp;dzia\u0142aj\u0105 i przyci\u0105gaj\u0105 uwag\u0119 Dowiedz si\u0119 wi\u0119cej Skontaktuj si\u0119 [&hellip;]<\/p>\n","protected":false},"author":1,"featured_media":0,"parent":0,"menu_order":0,"comment_status":"closed","ping_status":"closed","template":"elementor_header_footer","meta":{"footnotes":""},"class_list":["post-34","page","type-page","status-publish","hentry"],"yoast_head":"<!-- This site is optimized with the Yoast SEO plugin v25.9 - https:\/\/yoast.com\/wordpress\/plugins\/seo\/ -->\n<title>Strona G\u0142\u00f3wna - Strony z pasj\u0105!<\/title>\n<meta name=\"robots\" content=\"index, follow, max-snippet:-1, max-image-preview:large, max-video-preview:-1\" \/>\n<link rel=\"canonical\" href=\"https:\/\/magdalenagrencreates.com\/\" \/>\n<meta property=\"og:locale\" content=\"pl_PL\" \/>\n<meta property=\"og:type\" content=\"article\" \/>\n<meta property=\"og:title\" content=\"Strona G\u0142\u00f3wna - Strony z pasj\u0105!\" \/>\n<meta property=\"og:description\" content=\"Tworz\u0119 nowoczesne strony internetowe, kt\u00f3re&nbsp;dzia\u0142aj\u0105 i przyci\u0105gaj\u0105 uwag\u0119 Dowiedz si\u0119 wi\u0119cej Skontaktuj si\u0119 [&hellip;]\" \/>\n<meta property=\"og:url\" content=\"https:\/\/magdalenagrencreates.com\/\" \/>\n<meta property=\"og:site_name\" content=\"Strony z pasj\u0105!\" \/>\n<meta property=\"article:modified_time\" content=\"2025-09-10T11:36:51+00:00\" \/>\n<meta name=\"twitter:card\" content=\"summary_large_image\" \/>\n<meta name=\"twitter:label1\" content=\"Szacowany czas czytania\" \/>\n\t<meta name=\"twitter:data1\" content=\"1 minuta\" \/>\n<script type=\"application\/ld+json\" class=\"yoast-schema-graph\">{\"@context\":\"https:\/\/schema.org\",\"@graph\":[{\"@type\":\"WebPage\",\"@id\":\"https:\/\/magdalenagrencreates.com\/\",\"url\":\"https:\/\/magdalenagrencreates.com\/\",\"name\":\"Strona G\u0142\u00f3wna - Strony z pasj\u0105!\",\"isPartOf\":{\"@id\":\"https:\/\/magdalenagrencreates.com\/#website\"},\"datePublished\":\"2025-09-10T08:13:55+00:00\",\"dateModified\":\"2025-09-10T11:36:51+00:00\",\"breadcrumb\":{\"@id\":\"https:\/\/magdalenagrencreates.com\/#breadcrumb\"},\"inLanguage\":\"pl-PL\",\"potentialAction\":[{\"@type\":\"ReadAction\",\"target\":[\"https:\/\/magdalenagrencreates.com\/\"]}]},{\"@type\":\"BreadcrumbList\",\"@id\":\"https:\/\/magdalenagrencreates.com\/#breadcrumb\",\"itemListElement\":[{\"@type\":\"ListItem\",\"position\":1,\"name\":\"Strona g\u0142\u00f3wna\",\"item\":\"https:\/\/magdalenagrencreates.com\/\"},{\"@type\":\"ListItem\",\"position\":2,\"name\":\"Strona G\u0142\u00f3wna\"}]},{\"@type\":\"WebSite\",\"@id\":\"https:\/\/magdalenagrencreates.com\/#website\",\"url\":\"https:\/\/magdalenagrencreates.com\/\",\"name\":\"Strony z pasj\u0105!\",\"description\":\"\",\"publisher\":{\"@id\":\"https:\/\/magdalenagrencreates.com\/#organization\"},\"potentialAction\":[{\"@type\":\"SearchAction\",\"target\":{\"@type\":\"EntryPoint\",\"urlTemplate\":\"https:\/\/magdalenagrencreates.com\/?s={search_term_string}\"},\"query-input\":{\"@type\":\"PropertyValueSpecification\",\"valueRequired\":true,\"valueName\":\"search_term_string\"}}],\"inLanguage\":\"pl-PL\"},{\"@type\":\"Organization\",\"@id\":\"https:\/\/magdalenagrencreates.com\/#organization\",\"name\":\"Strony z pasj\u0105!\",\"url\":\"https:\/\/magdalenagrencreates.com\/\",\"logo\":{\"@type\":\"ImageObject\",\"inLanguage\":\"pl-PL\",\"@id\":\"https:\/\/magdalenagrencreates.com\/#\/schema\/logo\/image\/\",\"url\":\"https:\/\/magdalenagrencreates.com\/wp-content\/uploads\/2025\/09\/cropped-Zdjecie-WhatsApp-2025-09-10-o-09.43.51_937d223f.jpg\",\"contentUrl\":\"https:\/\/magdalenagrencreates.com\/wp-content\/uploads\/2025\/09\/cropped-Zdjecie-WhatsApp-2025-09-10-o-09.43.51_937d223f.jpg\",\"width\":512,\"height\":512,\"caption\":\"Strony  z pasj\u0105!\"},\"image\":{\"@id\":\"https:\/\/magdalenagrencreates.com\/#\/schema\/logo\/image\/\"}}]}<\/script>\n<!-- \/ Yoast SEO plugin. -->","yoast_head_json":{"title":"Strona G\u0142\u00f3wna - Strony z pasj\u0105!","robots":{"index":"index","follow":"follow","max-snippet":"max-snippet:-1","max-image-preview":"max-image-preview:large","max-video-preview":"max-video-preview:-1"},"canonical":"https:\/\/magdalenagrencreates.com\/","og_locale":"pl_PL","og_type":"article","og_title":"Strona G\u0142\u00f3wna - Strony z pasj\u0105!","og_description":"Tworz\u0119 nowoczesne strony internetowe, kt\u00f3re&nbsp;dzia\u0142aj\u0105 i przyci\u0105gaj\u0105 uwag\u0119 Dowiedz si\u0119 wi\u0119cej Skontaktuj si\u0119 [&hellip;]","og_url":"https:\/\/magdalenagrencreates.com\/","og_site_name":"Strony z pasj\u0105!","article_modified_time":"2025-09-10T11:36:51+00:00","twitter_card":"summary_large_image","twitter_misc":{"Szacowany czas czytania":"1 minuta"},"schema":{"@context":"https:\/\/schema.org","@graph":[{"@type":"WebPage","@id":"https:\/\/magdalenagrencreates.com\/","url":"https:\/\/magdalenagrencreates.com\/","name":"Strona G\u0142\u00f3wna - Strony z pasj\u0105!","isPartOf":{"@id":"https:\/\/magdalenagrencreates.com\/#website"},"datePublished":"2025-09-10T08:13:55+00:00","dateModified":"2025-09-10T11:36:51+00:00","breadcrumb":{"@id":"https:\/\/magdalenagrencreates.com\/#breadcrumb"},"inLanguage":"pl-PL","potentialAction":[{"@type":"ReadAction","target":["https:\/\/magdalenagrencreates.com\/"]}]},{"@type":"BreadcrumbList","@id":"https:\/\/magdalenagrencreates.com\/#breadcrumb","itemListElement":[{"@type":"ListItem","position":1,"name":"Strona g\u0142\u00f3wna","item":"https:\/\/magdalenagrencreates.com\/"},{"@type":"ListItem","position":2,"name":"Strona G\u0142\u00f3wna"}]},{"@type":"WebSite","@id":"https:\/\/magdalenagrencreates.com\/#website","url":"https:\/\/magdalenagrencreates.com\/","name":"Strony z pasj\u0105!","description":"","publisher":{"@id":"https:\/\/magdalenagrencreates.com\/#organization"},"potentialAction":[{"@type":"SearchAction","target":{"@type":"EntryPoint","urlTemplate":"https:\/\/magdalenagrencreates.com\/?s={search_term_string}"},"query-input":{"@type":"PropertyValueSpecification","valueRequired":true,"valueName":"search_term_string"}}],"inLanguage":"pl-PL"},{"@type":"Organization","@id":"https:\/\/magdalenagrencreates.com\/#organization","name":"Strony z pasj\u0105!","url":"https:\/\/magdalenagrencreates.com\/","logo":{"@type":"ImageObject","inLanguage":"pl-PL","@id":"https:\/\/magdalenagrencreates.com\/#\/schema\/logo\/image\/","url":"https:\/\/magdalenagrencreates.com\/wp-content\/uploads\/2025\/09\/cropped-Zdjecie-WhatsApp-2025-09-10-o-09.43.51_937d223f.jpg","contentUrl":"https:\/\/magdalenagrencreates.com\/wp-content\/uploads\/2025\/09\/cropped-Zdjecie-WhatsApp-2025-09-10-o-09.43.51_937d223f.jpg","width":512,"height":512,"caption":"Strony  z pasj\u0105!"},"image":{"@id":"https:\/\/magdalenagrencreates.com\/#\/schema\/logo\/image\/"}}]}},"_links":{"self":[{"href":"https:\/\/magdalenagrencreates.com\/index.php?rest_route=\/wp\/v2\/pages\/34","targetHints":{"allow":["GET"]}}],"collection":[{"href":"https:\/\/magdalenagrencreates.com\/index.php?rest_route=\/wp\/v2\/pages"}],"about":[{"href":"https:\/\/magdalenagrencreates.com\/index.php?rest_route=\/wp\/v2\/types\/page"}],"author":[{"embeddable":true,"href":"https:\/\/magdalenagrencreates.com\/index.php?rest_route=\/wp\/v2\/users\/1"}],"replies":[{"embeddable":true,"href":"https:\/\/magdalenagrencreates.com\/index.php?rest_route=%2Fwp%2Fv2%2Fcomments&post=34"}],"version-history":[{"count":19,"href":"https:\/\/magdalenagrencreates.com\/index.php?rest_route=\/wp\/v2\/pages\/34\/revisions"}],"predecessor-version":[{"id":114,"href":"https:\/\/magdalenagrencreates.com\/index.php?rest_route=\/wp\/v2\/pages\/34\/revisions\/114"}],"wp:attachment":[{"href":"https:\/\/magdalenagrencreates.com\/index.php?rest_route=%2Fwp%2Fv2%2Fmedia&parent=34"}],"curies":[{"name":"wp","href":"https:\/\/api.w.org\/{rel}","templated":true}]}}