{"id":30,"date":"2025-09-10T10:13:54","date_gmt":"2025-09-10T08:13:54","guid":{"rendered":"https:\/\/magdalenagrencreates.com\/?page_id=30"},"modified":"2025-09-10T13:35:33","modified_gmt":"2025-09-10T11:35:33","slug":"portfolio","status":"publish","type":"page","link":"https:\/\/magdalenagrencreates.com\/?page_id=30","title":{"rendered":"Portfolio"},"content":{"rendered":"\t\t<div data-elementor-type=\"wp-page\" data-elementor-id=\"30\" class=\"elementor elementor-30\" data-elementor-post-type=\"page\">\n\t\t\t\t<div class=\"elementor-element elementor-element-65eff5b e-flex e-con-boxed e-con e-parent\" data-id=\"65eff5b\" data-element_type=\"container\" data-settings=\"{&quot;background_background&quot;:&quot;classic&quot;}\">\n\t\t\t\t\t<div class=\"e-con-inner\">\n\t\t<div class=\"elementor-element elementor-element-b6de0fd e-con-full e-flex e-con e-child\" data-id=\"b6de0fd\" data-element_type=\"container\">\n\t\t\t\t<div class=\"elementor-element elementor-element-af8cdd3 elementor-invisible elementor-widget elementor-widget-heading\" data-id=\"af8cdd3\" data-element_type=\"widget\" data-settings=\"{&quot;_animation&quot;:&quot;lightSpeedIn&quot;}\" data-widget_type=\"heading.default\">\n\t\t\t\t\t<h2 class=\"elementor-heading-title elementor-size-default\">Tw\u00f3rz ze mn\u0105 niesamowite projekty<\/h2>\t\t\t\t<\/div>\n\t\t\t\t<div class=\"elementor-element elementor-element-28134884 elementor-widget elementor-widget-text-editor\" data-id=\"28134884\" data-element_type=\"widget\" data-widget_type=\"text-editor.default\">\n\t\t\t\t\t\t\t\t\t<p>Witaj w moim \u015bwiecie kreatywno\u015bci, gdzie ka\u017cdy projekt zyskuje nowy wymiar. Odkryj moj\u0105 ofert\u0119 us\u0142ug webowych, kt\u00f3re przyci\u0105gn\u0105 uwag\u0119 Twoich odbiorc\u00f3w.<\/p>\t\t\t\t\t\t\t\t<\/div>\n\t\t\t\t<\/div>\n\t\t\t\t\t<\/div>\n\t\t\t\t<\/div>\n\t\t<div class=\"elementor-element elementor-element-746f1142 e-flex e-con-boxed e-con e-parent\" data-id=\"746f1142\" data-element_type=\"container\" data-settings=\"{&quot;background_background&quot;:&quot;classic&quot;}\">\n\t\t\t\t\t<div class=\"e-con-inner\">\n\t\t<div class=\"elementor-element elementor-element-14fb33fd e-con-full e-flex e-con e-child\" data-id=\"14fb33fd\" data-element_type=\"container\">\n\t\t\t\t<div class=\"elementor-element elementor-element-139cba7e elementor-widget elementor-widget-heading\" data-id=\"139cba7e\" data-element_type=\"widget\" data-widget_type=\"heading.default\">\n\t\t\t\t\t<h5 class=\"elementor-heading-title elementor-size-default\">Opinie moich klient\u00f3w<\/h5>\t\t\t\t<\/div>\n\t\t\t\t<div class=\"elementor-element elementor-element-1ce8e264 elementor-widget elementor-widget-heading\" data-id=\"1ce8e264\" data-element_type=\"widget\" data-widget_type=\"heading.default\">\n\t\t\t\t\t<h2 class=\"elementor-heading-title elementor-size-default\">Co m\u00f3wi\u0105 o mnie moi klienci?<\/h2>\t\t\t\t<\/div>\n\t\t\t\t<\/div>\n\t\t<div class=\"elementor-element elementor-element-4ae5a8a3 e-con-full e-flex e-con e-child\" data-id=\"4ae5a8a3\" data-element_type=\"container\">\n\t\t\t\t<div class=\"elementor-element elementor-element-6a347df6 elementor--star-style-\u2b50\u2b50\u2b50\u2b50\u2b50 elementor-star-rating--align-center elementor-widget elementor-widget-star-rating\" data-id=\"6a347df6\" data-element_type=\"widget\" data-widget_type=\"star-rating.default\">\n\t\t\t\t\t\n\t\t<div class=\"elementor-star-rating__wrapper\">\n\t\t\t\t\t\t<div class=\"elementor-star-rating\" title=\"5\/5\" itemtype=\"http:\/\/schema.org\/Rating\" itemscope=\"\" itemprop=\"reviewRating\"><i class=\"elementor-star-full\">&#xE934;<\/i><i class=\"elementor-star-full\">&#xE934;<\/i><i class=\"elementor-star-full\">&#xE934;<\/i><i class=\"elementor-star-full\">&#xE934;<\/i><i class=\"elementor-star-full\">&#xE934;<\/i> <span itemprop=\"ratingValue\" class=\"elementor-screen-only\">5\/5<\/span><\/div>\t\t<\/div>\n\t\t\t\t\t\t<\/div>\n\t\t\t\t<div class=\"elementor-element elementor-element-1f5c67f8 elementor-widget elementor-widget-testimonial\" data-id=\"1f5c67f8\" data-element_type=\"widget\" data-widget_type=\"testimonial.default\">\n\t\t\t\t\t\t\t<div class=\"elementor-testimonial-wrapper\">\n\t\t\t\t\t\t\t<div class=\"elementor-testimonial-content\">Zesp\u00f3\u0142 wykona\u0142 \u015bwietn\u0105 robot\u0119 przy tworzeniu mojej strony internetowej. Jestem zachwycony efektem ko\u0144cowym! Polecam ka\u017cdemu, kto potrzebuje profesjonalnej witryny.<\/div>\n\t\t\t\n\t\t\t\t\t\t<div class=\"elementor-testimonial-meta\">\n\t\t\t\t<div class=\"elementor-testimonial-meta-inner\">\n\t\t\t\t\t\n\t\t\t\t\t\t\t\t\t\t<div class=\"elementor-testimonial-details\">\n\t\t\t\t\t\t\t\t\t\t\t\t\t\t<div class=\"elementor-testimonial-name\">Jan M.<\/div>\n\t\t\t\t\t\t\t\t\t\t\t\t\t\t\t\t\t\t\t\t\t\t<div class=\"elementor-testimonial-job\">W\u0142a\u015bciciel firmy<\/div>\n\t\t\t\t\t\t\t\t\t\t\t\t\t<\/div>\n\t\t\t\t\t\t\t\t\t<\/div>\n\t\t\t<\/div>\n\t\t\t\t\t<\/div>\n\t\t\t\t\t\t<\/div>\n\t\t\t\t<\/div>\n\t\t\t\t\t<\/div>\n\t\t\t\t<\/div>\n\t\t<div class=\"elementor-element elementor-element-51c2ab39 e-flex e-con-boxed e-con e-parent\" data-id=\"51c2ab39\" data-element_type=\"container\">\n\t\t\t\t\t<div class=\"e-con-inner\">\n\t\t<div class=\"elementor-element elementor-element-29101bdb e-con-full e-flex e-con e-child\" data-id=\"29101bdb\" data-element_type=\"container\">\n\t\t\t\t<div class=\"elementor-element elementor-element-40e622ce elementor-widget elementor-widget-heading\" data-id=\"40e622ce\" data-element_type=\"widget\" data-widget_type=\"heading.default\">\n\t\t\t\t\t<h2 class=\"elementor-heading-title elementor-size-default\">Moje Us\u0142ugi<\/h2>\t\t\t\t<\/div>\n\t\t\t\t<div class=\"elementor-element elementor-element-2008a960 elementor-widget elementor-widget-heading\" data-id=\"2008a960\" data-element_type=\"widget\" data-widget_type=\"heading.default\">\n\t\t\t\t\t<h5 class=\"elementor-heading-title elementor-size-default\">Poni\u017cej przedstawiam kr\u00f3tkie wprowadzenie do moich g\u0142\u00f3wnych us\u0142ug.<\/h5>\t\t\t\t<\/div>\n\t\t\t\t<\/div>\n\t\t<div class=\"elementor-element elementor-element-36fad6ad e-con-full e-flex e-con e-child\" data-id=\"36fad6ad\" data-element_type=\"container\">\n\t\t\t\t<div class=\"elementor-element elementor-element-67dccf2c elementor-widget-tablet__width-initial elementor-widget-mobile__width-inherit elementor-widget__width-initial elementor-position-top elementor-widget elementor-widget-image-box\" data-id=\"67dccf2c\" data-element_type=\"widget\" data-widget_type=\"image-box.default\">\n\t\t\t\t\t<div class=\"elementor-image-box-wrapper\"><div class=\"elementor-image-box-content\"><h4 class=\"elementor-image-box-title\"><a href=\"https:\/\/library.elementor.com\/local-services-wireframe-1-flexbox\/services\/#service_1\">Tworzenie Stron WWW<\/a><\/h4><p class=\"elementor-image-box-description\">Stworz\u0119 dla Ciebie stron\u0119, kt\u00f3ra przyci\u0105gnie uwag\u0119 i zwi\u0119kszy Twoj\u0105 widoczno\u015b\u0107.<\/p><\/div><\/div>\t\t\t\t<\/div>\n\t\t\t\t<div class=\"elementor-element elementor-element-6a76233c elementor-widget-tablet__width-initial elementor-widget-mobile__width-inherit elementor-widget__width-initial elementor-position-top elementor-widget elementor-widget-image-box\" data-id=\"6a76233c\" data-element_type=\"widget\" data-widget_type=\"image-box.default\">\n\t\t\t\t\t<div class=\"elementor-image-box-wrapper\"><div class=\"elementor-image-box-content\"><h4 class=\"elementor-image-box-title\"><a href=\"https:\/\/library.elementor.com\/local-services-wireframe-1-flexbox\/services\/#service_2\">Portfolio Artystyczne<\/a><\/h4><p class=\"elementor-image-box-description\">Poka\u017c\u0119 Twoje prace w atrakcyjny spos\u00f3b, kt\u00f3ry przyci\u0105gnie potencjalnych klient\u00f3w.<\/p><\/div><\/div>\t\t\t\t<\/div>\n\t\t\t\t<div class=\"elementor-element elementor-element-64759c41 elementor-widget-tablet__width-initial elementor-widget-mobile__width-inherit elementor-widget__width-initial elementor-position-top elementor-widget elementor-widget-image-box\" data-id=\"64759c41\" data-element_type=\"widget\" data-widget_type=\"image-box.default\">\n\t\t\t\t\t<div class=\"elementor-image-box-wrapper\"><div class=\"elementor-image-box-content\"><h4 class=\"elementor-image-box-title\"><a href=\"https:\/\/library.elementor.com\/local-services-wireframe-1-flexbox\/services\/#service_3\">Zarz\u0105dzanie Tre\u015bci\u0105<\/a><\/h4><p class=\"elementor-image-box-description\">U\u0142atwi\u0119 Ci aktualizacj\u0119 tre\u015bci i zapewni\u0119 jej wysok\u0105 jako\u015b\u0107, zwi\u0119kszaj\u0105c Twoj\u0105 autorytet.<\/p><\/div><\/div>\t\t\t\t<\/div>\n\t\t\t\t<\/div>\n\t\t\t\t<div class=\"elementor-element elementor-element-56b554f0 elementor-widget__width-auto elementor-align-right elementor-widget elementor-widget-button\" data-id=\"56b554f0\" data-element_type=\"widget\" data-widget_type=\"button.default\">\n\t\t\t\t\t\t\t\t\t\t<a class=\"elementor-button elementor-button-link elementor-size-sm\" href=\"https:\/\/magdalenagrencreates.com\/?page_id=27\">\n\t\t\t\t\t\t<span class=\"elementor-button-content-wrapper\">\n\t\t\t\t\t\t\t\t\t<span class=\"elementor-button-text\">Skontaktuj si\u0119<\/span>\n\t\t\t\t\t<\/span>\n\t\t\t\t\t<\/a>\n\t\t\t\t\t\t\t\t<\/div>\n\t\t\t\t\t<\/div>\n\t\t\t\t<\/div>\n\t\t<div class=\"elementor-element elementor-element-4df42cda e-flex e-con-boxed e-con e-parent\" data-id=\"4df42cda\" data-element_type=\"container\" data-settings=\"{&quot;background_background&quot;:&quot;classic&quot;}\">\n\t\t\t\t\t<div class=\"e-con-inner\">\n\t\t<div class=\"elementor-element elementor-element-22adba19 e-con-full e-flex e-con e-child\" data-id=\"22adba19\" data-element_type=\"container\">\n\t\t\t\t<div class=\"elementor-element elementor-element-5fee1375 elementor-widget elementor-widget-heading\" data-id=\"5fee1375\" data-element_type=\"widget\" data-widget_type=\"heading.default\">\n\t\t\t\t\t<h2 class=\"elementor-heading-title elementor-size-default\">Skontaktuj si\u0119 ze mn\u0105 teraz!<\/h2>\t\t\t\t<\/div>\n\t\t\t\t<div class=\"elementor-element elementor-element-6bcd2d0 elementor-widget elementor-widget-text-editor\" data-id=\"6bcd2d0\" data-element_type=\"widget\" data-widget_type=\"text-editor.default\">\n\t\t\t\t\t\t\t\t\t<p>Potrzebujesz wi\u0119cej informacji? Jestem tu, aby pom\u00f3c!<\/p>\t\t\t\t\t\t\t\t<\/div>\n\t\t\t\t<\/div>\n\t\t<div class=\"elementor-element elementor-element-4cd5743d e-con-full e-flex e-con e-child\" data-id=\"4cd5743d\" data-element_type=\"container\">\n\t\t\t\t<\/div>\n\t\t\t\t\t<\/div>\n\t\t\t\t<\/div>\n\t\t\t\t<\/div>\n\t\t","protected":false},"excerpt":{"rendered":"<p>Tw\u00f3rz ze mn\u0105 niesamowite projekty Witaj w moim \u015bwiecie kreatywno\u015bci, gdzie ka\u017cdy projekt [&hellip;]<\/p>\n","protected":false},"author":1,"featured_media":0,"parent":0,"menu_order":0,"comment_status":"closed","ping_status":"closed","template":"elementor_header_footer","meta":{"footnotes":""},"class_list":["post-30","page","type-page","status-publish","hentry"],"yoast_head":"<!-- This site is optimized with the Yoast SEO plugin v25.9 - https:\/\/yoast.com\/wordpress\/plugins\/seo\/ -->\n<title>Portfolio - Strony z pasj\u0105!<\/title>\n<meta name=\"robots\" content=\"index, follow, max-snippet:-1, max-image-preview:large, max-video-preview:-1\" \/>\n<link rel=\"canonical\" href=\"https:\/\/magdalenagrencreates.com\/?page_id=30\" \/>\n<meta property=\"og:locale\" content=\"pl_PL\" \/>\n<meta property=\"og:type\" content=\"article\" \/>\n<meta property=\"og:title\" content=\"Portfolio - Strony z pasj\u0105!\" \/>\n<meta property=\"og:description\" content=\"Tw\u00f3rz ze mn\u0105 niesamowite projekty Witaj w moim \u015bwiecie kreatywno\u015bci, gdzie ka\u017cdy projekt [&hellip;]\" \/>\n<meta property=\"og:url\" content=\"https:\/\/magdalenagrencreates.com\/?page_id=30\" \/>\n<meta property=\"og:site_name\" content=\"Strony z pasj\u0105!\" \/>\n<meta property=\"article:modified_time\" content=\"2025-09-10T11:35:33+00:00\" \/>\n<meta name=\"twitter:card\" content=\"summary_large_image\" \/>\n<meta name=\"twitter:label1\" content=\"Szacowany czas czytania\" \/>\n\t<meta name=\"twitter:data1\" content=\"1 minuta\" \/>\n<script type=\"application\/ld+json\" class=\"yoast-schema-graph\">{\"@context\":\"https:\/\/schema.org\",\"@graph\":[{\"@type\":\"WebPage\",\"@id\":\"https:\/\/magdalenagrencreates.com\/?page_id=30\",\"url\":\"https:\/\/magdalenagrencreates.com\/?page_id=30\",\"name\":\"Portfolio - Strony z pasj\u0105!\",\"isPartOf\":{\"@id\":\"https:\/\/magdalenagrencreates.com\/#website\"},\"datePublished\":\"2025-09-10T08:13:54+00:00\",\"dateModified\":\"2025-09-10T11:35:33+00:00\",\"breadcrumb\":{\"@id\":\"https:\/\/magdalenagrencreates.com\/?page_id=30#breadcrumb\"},\"inLanguage\":\"pl-PL\",\"potentialAction\":[{\"@type\":\"ReadAction\",\"target\":[\"https:\/\/magdalenagrencreates.com\/?page_id=30\"]}]},{\"@type\":\"BreadcrumbList\",\"@id\":\"https:\/\/magdalenagrencreates.com\/?page_id=30#breadcrumb\",\"itemListElement\":[{\"@type\":\"ListItem\",\"position\":1,\"name\":\"Strona g\u0142\u00f3wna\",\"item\":\"https:\/\/magdalenagrencreates.com\/\"},{\"@type\":\"ListItem\",\"position\":2,\"name\":\"Portfolio\"}]},{\"@type\":\"WebSite\",\"@id\":\"https:\/\/magdalenagrencreates.com\/#website\",\"url\":\"https:\/\/magdalenagrencreates.com\/\",\"name\":\"Strony z pasj\u0105!\",\"description\":\"\",\"publisher\":{\"@id\":\"https:\/\/magdalenagrencreates.com\/#organization\"},\"potentialAction\":[{\"@type\":\"SearchAction\",\"target\":{\"@type\":\"EntryPoint\",\"urlTemplate\":\"https:\/\/magdalenagrencreates.com\/?s={search_term_string}\"},\"query-input\":{\"@type\":\"PropertyValueSpecification\",\"valueRequired\":true,\"valueName\":\"search_term_string\"}}],\"inLanguage\":\"pl-PL\"},{\"@type\":\"Organization\",\"@id\":\"https:\/\/magdalenagrencreates.com\/#organization\",\"name\":\"Strony z pasj\u0105!\",\"url\":\"https:\/\/magdalenagrencreates.com\/\",\"logo\":{\"@type\":\"ImageObject\",\"inLanguage\":\"pl-PL\",\"@id\":\"https:\/\/magdalenagrencreates.com\/#\/schema\/logo\/image\/\",\"url\":\"https:\/\/magdalenagrencreates.com\/wp-content\/uploads\/2025\/09\/cropped-Zdjecie-WhatsApp-2025-09-10-o-09.43.51_937d223f.jpg\",\"contentUrl\":\"https:\/\/magdalenagrencreates.com\/wp-content\/uploads\/2025\/09\/cropped-Zdjecie-WhatsApp-2025-09-10-o-09.43.51_937d223f.jpg\",\"width\":512,\"height\":512,\"caption\":\"Strony  z pasj\u0105!\"},\"image\":{\"@id\":\"https:\/\/magdalenagrencreates.com\/#\/schema\/logo\/image\/\"}}]}<\/script>\n<!-- \/ Yoast SEO plugin. -->","yoast_head_json":{"title":"Portfolio - Strony z pasj\u0105!","robots":{"index":"index","follow":"follow","max-snippet":"max-snippet:-1","max-image-preview":"max-image-preview:large","max-video-preview":"max-video-preview:-1"},"canonical":"https:\/\/magdalenagrencreates.com\/?page_id=30","og_locale":"pl_PL","og_type":"article","og_title":"Portfolio - Strony z pasj\u0105!","og_description":"Tw\u00f3rz ze mn\u0105 niesamowite projekty Witaj w moim \u015bwiecie kreatywno\u015bci, gdzie ka\u017cdy projekt [&hellip;]","og_url":"https:\/\/magdalenagrencreates.com\/?page_id=30","og_site_name":"Strony z pasj\u0105!","article_modified_time":"2025-09-10T11:35:33+00:00","twitter_card":"summary_large_image","twitter_misc":{"Szacowany czas czytania":"1 minuta"},"schema":{"@context":"https:\/\/schema.org","@graph":[{"@type":"WebPage","@id":"https:\/\/magdalenagrencreates.com\/?page_id=30","url":"https:\/\/magdalenagrencreates.com\/?page_id=30","name":"Portfolio - Strony z pasj\u0105!","isPartOf":{"@id":"https:\/\/magdalenagrencreates.com\/#website"},"datePublished":"2025-09-10T08:13:54+00:00","dateModified":"2025-09-10T11:35:33+00:00","breadcrumb":{"@id":"https:\/\/magdalenagrencreates.com\/?page_id=30#breadcrumb"},"inLanguage":"pl-PL","potentialAction":[{"@type":"ReadAction","target":["https:\/\/magdalenagrencreates.com\/?page_id=30"]}]},{"@type":"BreadcrumbList","@id":"https:\/\/magdalenagrencreates.com\/?page_id=30#breadcrumb","itemListElement":[{"@type":"ListItem","position":1,"name":"Strona g\u0142\u00f3wna","item":"https:\/\/magdalenagrencreates.com\/"},{"@type":"ListItem","position":2,"name":"Portfolio"}]},{"@type":"WebSite","@id":"https:\/\/magdalenagrencreates.com\/#website","url":"https:\/\/magdalenagrencreates.com\/","name":"Strony z pasj\u0105!","description":"","publisher":{"@id":"https:\/\/magdalenagrencreates.com\/#organization"},"potentialAction":[{"@type":"SearchAction","target":{"@type":"EntryPoint","urlTemplate":"https:\/\/magdalenagrencreates.com\/?s={search_term_string}"},"query-input":{"@type":"PropertyValueSpecification","valueRequired":true,"valueName":"search_term_string"}}],"inLanguage":"pl-PL"},{"@type":"Organization","@id":"https:\/\/magdalenagrencreates.com\/#organization","name":"Strony z pasj\u0105!","url":"https:\/\/magdalenagrencreates.com\/","logo":{"@type":"ImageObject","inLanguage":"pl-PL","@id":"https:\/\/magdalenagrencreates.com\/#\/schema\/logo\/image\/","url":"https:\/\/magdalenagrencreates.com\/wp-content\/uploads\/2025\/09\/cropped-Zdjecie-WhatsApp-2025-09-10-o-09.43.51_937d223f.jpg","contentUrl":"https:\/\/magdalenagrencreates.com\/wp-content\/uploads\/2025\/09\/cropped-Zdjecie-WhatsApp-2025-09-10-o-09.43.51_937d223f.jpg","width":512,"height":512,"caption":"Strony  z pasj\u0105!"},"image":{"@id":"https:\/\/magdalenagrencreates.com\/#\/schema\/logo\/image\/"}}]}},"_links":{"self":[{"href":"https:\/\/magdalenagrencreates.com\/index.php?rest_route=\/wp\/v2\/pages\/30","targetHints":{"allow":["GET"]}}],"collection":[{"href":"https:\/\/magdalenagrencreates.com\/index.php?rest_route=\/wp\/v2\/pages"}],"about":[{"href":"https:\/\/magdalenagrencreates.com\/index.php?rest_route=\/wp\/v2\/types\/page"}],"author":[{"embeddable":true,"href":"https:\/\/magdalenagrencreates.com\/index.php?rest_route=\/wp\/v2\/users\/1"}],"replies":[{"embeddable":true,"href":"https:\/\/magdalenagrencreates.com\/index.php?rest_route=%2Fwp%2Fv2%2Fcomments&post=30"}],"version-history":[{"count":7,"href":"https:\/\/magdalenagrencreates.com\/index.php?rest_route=\/wp\/v2\/pages\/30\/revisions"}],"predecessor-version":[{"id":111,"href":"https:\/\/magdalenagrencreates.com\/index.php?rest_route=\/wp\/v2\/pages\/30\/revisions\/111"}],"wp:attachment":[{"href":"https:\/\/magdalenagrencreates.com\/index.php?rest_route=%2Fwp%2Fv2%2Fmedia&parent=30"}],"curies":[{"name":"wp","href":"https:\/\/api.w.org\/{rel}","templated":true}]}}